{"id":121,"date":"2019-06-03T19:45:22","date_gmt":"2019-06-03T17:45:22","guid":{"rendered":"http:\/\/www.jeunessemandoliniste.com\/?page_id=121"},"modified":"2019-06-03T19:52:55","modified_gmt":"2019-06-03T17:52:55","slug":"cd-printemps-2013","status":"publish","type":"page","link":"https:\/\/www.jeunessemandoliniste.com\/?page_id=121","title":{"rendered":"CD \u00ab\u00a0Printemps 2013\u00a0\u00bb"},"content":{"rendered":"\n<p>Cet album \u00e9ponyme, sorti au printemps 2013, fait la part belle \u00e0 l&rsquo;association \u00ab\u00a0orchestre \u00e0 plectre\u00a0\u00bb \/ \u00ab\u00a0instruments \u00e0 vent\u00a0\u00bb, et plus sp\u00e9cialement le hautbois.<\/p>\n\n\n\n<p>Notre ami et hautbo\u00efste international <em><strong>Andrius Puskunigis<\/strong><\/em> nous a fait l&rsquo;honneur d&rsquo;interpr\u00e9ter les solos de son instrument favori !<\/p>\n\n\n\n<ul class=\"wp-block-gallery aligncenter columns-2 is-cropped wp-block-gallery-1 is-layout-flex wp-block-gallery-is-layout-flex\"><li class=\"blocks-gallery-item\"><figure><img loading=\"lazy\" decoding=\"async\" width=\"400\" height=\"405\" src=\"https:\/\/www.jeunessemandoliniste.com\/wp-content\/uploads\/2019\/06\/CDJMH_2013_AV.png\" alt=\"\" data-id=\"122\" class=\"wp-image-122\" srcset=\"https:\/\/www.jeunessemandoliniste.com\/wp-content\/uploads\/2019\/06\/CDJMH_2013_AV.png 400w, https:\/\/www.jeunessemandoliniste.com\/wp-content\/uploads\/2019\/06\/CDJMH_2013_AV-296x300.png 296w\" sizes=\"auto, (max-width: 400px) 100vw, 400px\" \/><\/figure><\/li><li class=\"blocks-gallery-item\"><figure><img loading=\"lazy\" decoding=\"async\" width=\"300\" height=\"301\" src=\"https:\/\/www.jeunessemandoliniste.com\/wp-content\/uploads\/2019\/06\/CDJMH_2013_AR.png\" alt=\"\" data-id=\"123\" data-link=\"https:\/\/www.jeunessemandoliniste.com\/?attachment_id=123\" class=\"wp-image-123\" srcset=\"https:\/\/www.jeunessemandoliniste.com\/wp-content\/uploads\/2019\/06\/CDJMH_2013_AR.png 300w, https:\/\/www.jeunessemandoliniste.com\/wp-content\/uploads\/2019\/06\/CDJMH_2013_AR-150x150.png 150w, https:\/\/www.jeunessemandoliniste.com\/wp-content\/uploads\/2019\/06\/CDJMH_2013_AR-299x300.png 299w\" sizes=\"auto, (max-width: 300px) 100vw, 300px\" \/><\/figure><\/li><\/ul>\n\n\n\n<h3 class=\"wp-block-heading\">Les Titres : <\/h3>\n\n\n\n<ul class=\"wp-block-list\"><li>Concerto en Do majeur pour hautbois et orchestre de Evaristo Felice Dall&rsquo;Abaco<ul><li>Allegro<\/li><li>Adagio<\/li><li>Rondo (Allegro)<\/li><\/ul><\/li><li>Sonate VI de Valentin Roeser<ul><li>Allegro di molto con brio<\/li><li>Romance, un peut lent<\/li><li>Presto finale<\/li><\/ul><\/li><li>Concerto d&rsquo;Avignon (Badinage musical sur une chanson populaire fran\u00e7aise) de Ralph Paulsen-Bahnsen<ul><li>Allegro<\/li><li>Larghetto<\/li><li>Vivace<\/li><\/ul><\/li><li>Planxty O&rsquo;Carolan, Suite irlandaise pour orchestre \u00e0 plectre par Bruno Szordikowski<ul><li>Introduction (adagio)<\/li><li>Lannigan&rsquo;s ball (allegro)<\/li><li>Planxty Maguire (moderato)<\/li><li>The wind from the south (andante)<\/li><li>The princess royal (allegro)<\/li><li>Down by the Sally&rsquo;s garden (andante)<\/li><li>Irish washerwoman jig (Gigue)<\/li><\/ul><\/li><li>Shoshu No Uta (Chant de l&rsquo;automne japonais) de Yasuo Kuwahara<ul><li>Andante<\/li><li>Allegro non troppo<\/li><li>Meno mosso<\/li><li>Allegro non troppo<\/li><li>Andante<\/li><\/ul><\/li><li>Concertino pour hautbois et orchestre \u00e0 plectre de Konrad W\u00f6lki opus 97<ul><li>Allegro<\/li><li>Adagio<\/li><li>Tempo primo<\/li><li>Adagio ma non troppo<\/li><\/ul><\/li><li>Manha de Carnaval de Luiz Bonfa et Antonio Maria, adaptation Ricardo Sandoval<\/li><li>Oblivion de Astor Piazzolla<\/li><\/ul>\n","protected":false},"excerpt":{"rendered":"<p>Cet album \u00e9ponyme, sorti au printemps 2013, fait la part belle \u00e0 l&rsquo;association \u00ab\u00a0orchestre \u00e0 plectre\u00a0\u00bb \/ \u00ab\u00a0instruments \u00e0 vent\u00a0\u00bb, et plus sp\u00e9cialement le hautbois. Notre ami et hautbo\u00efste international Andrius Puskunigis nous a fait l&rsquo;honneur d&rsquo;interpr\u00e9ter les solos de son instrument favori ! Les Titres : Concerto en Do majeur pour hautbois et orchestre [&hellip;]<\/p>\n","protected":false},"author":1,"featured_media":0,"parent":0,"menu_order":0,"comment_status":"closed","ping_status":"closed","template":"","meta":{"footnotes":""},"class_list":["post-121","page","type-page","status-publish","hentry"],"_links":{"self":[{"href":"https:\/\/www.jeunessemandoliniste.com\/index.php?rest_route=\/wp\/v2\/pages\/121","targetHints":{"allow":["GET"]}}],"collection":[{"href":"https:\/\/www.jeunessemandoliniste.com\/index.php?rest_route=\/wp\/v2\/pages"}],"about":[{"href":"https:\/\/www.jeunessemandoliniste.com\/index.php?rest_route=\/wp\/v2\/types\/page"}],"author":[{"embeddable":true,"href":"https:\/\/www.jeunessemandoliniste.com\/index.php?rest_route=\/wp\/v2\/users\/1"}],"replies":[{"embeddable":true,"href":"https:\/\/www.jeunessemandoliniste.com\/index.php?rest_route=%2Fwp%2Fv2%2Fcomments&post=121"}],"version-history":[{"count":3,"href":"https:\/\/www.jeunessemandoliniste.com\/index.php?rest_route=\/wp\/v2\/pages\/121\/revisions"}],"predecessor-version":[{"id":128,"href":"https:\/\/www.jeunessemandoliniste.com\/index.php?rest_route=\/wp\/v2\/pages\/121\/revisions\/128"}],"wp:attachment":[{"href":"https:\/\/www.jeunessemandoliniste.com\/index.php?rest_route=%2Fwp%2Fv2%2Fmedia&parent=121"}],"curies":[{"name":"wp","href":"https:\/\/api.w.org\/{rel}","templated":true}]}}