{"id":251,"date":"2020-12-16T22:25:30","date_gmt":"2020-12-16T21:25:30","guid":{"rendered":"http:\/\/www.jeunessemandoliniste.com\/?page_id=251"},"modified":"2020-12-17T12:22:03","modified_gmt":"2020-12-17T11:22:03","slug":"contact","status":"publish","type":"page","link":"https:\/\/www.jeunessemandoliniste.com\/?page_id=251","title":{"rendered":"Contact"},"content":{"rendered":"\n<p>Jeunesse Mandoliniste d&rsquo;Hagondange<br><a href=\"https:\/\/www.google.fr\/maps\/place\/Conservatoire+de+musique+Hagondange\/@49.2483153,6.1670241,17z\/data=!3m1!4b1!4m5!3m4!1s0x479526dd96324daf:0xca01726a3fa80e22!8m2!3d49.2483118!4d6.1692128\" data-type=\"URL\" data-id=\"https:\/\/www.google.fr\/maps\/place\/Conservatoire+de+musique+Hagondange\/@49.2483153,6.1670241,17z\/data=!3m1!4b1!4m5!3m4!1s0x479526dd96324daf:0xca01726a3fa80e22!8m2!3d49.2483118!4d6.1692128\">Conservatoire Municipal de Musique<\/a><br>6 Rue Pierre Semard (entr\u00e9e, rue Alb\u00e9ric Magnard)<br>57300 HAGONDANGE &#8211; FRANCE<\/p>\n\n\n\n<p>Direction, Fran\u00e7ois Brochet<br>+33 (0)6 01 80 27 43 &#8211; <a href=\"mailto:brochet.francois@gmail.com\">brochet.francois@gmail.com<\/a><\/p>\n","protected":false},"excerpt":{"rendered":"<p>Jeunesse Mandoliniste d&rsquo;HagondangeConservatoire Municipal de Musique6 Rue Pierre Semard (entr\u00e9e, rue Alb\u00e9ric Magnard)57300 HAGONDANGE &#8211; FRANCE Direction, Fran\u00e7ois Brochet+33 (0)6 01 80 27 43 &#8211; brochet.francois@gmail.com<\/p>\n","protected":false},"author":1,"featured_media":0,"parent":0,"menu_order":0,"comment_status":"closed","ping_status":"closed","template":"","meta":{"footnotes":""},"class_list":["post-251","page","type-page","status-publish","hentry"],"_links":{"self":[{"href":"https:\/\/www.jeunessemandoliniste.com\/index.php?rest_route=\/wp\/v2\/pages\/251","targetHints":{"allow":["GET"]}}],"collection":[{"href":"https:\/\/www.jeunessemandoliniste.com\/index.php?rest_route=\/wp\/v2\/pages"}],"about":[{"href":"https:\/\/www.jeunessemandoliniste.com\/index.php?rest_route=\/wp\/v2\/types\/page"}],"author":[{"embeddable":true,"href":"https:\/\/www.jeunessemandoliniste.com\/index.php?rest_route=\/wp\/v2\/users\/1"}],"replies":[{"embeddable":true,"href":"https:\/\/www.jeunessemandoliniste.com\/index.php?rest_route=%2Fwp%2Fv2%2Fcomments&post=251"}],"version-history":[{"count":6,"href":"https:\/\/www.jeunessemandoliniste.com\/index.php?rest_route=\/wp\/v2\/pages\/251\/revisions"}],"predecessor-version":[{"id":278,"href":"https:\/\/www.jeunessemandoliniste.com\/index.php?rest_route=\/wp\/v2\/pages\/251\/revisions\/278"}],"wp:attachment":[{"href":"https:\/\/www.jeunessemandoliniste.com\/index.php?rest_route=%2Fwp%2Fv2%2Fmedia&parent=251"}],"curies":[{"name":"wp","href":"https:\/\/api.w.org\/{rel}","templated":true}]}}