{"id":46,"date":"2019-06-02T23:00:43","date_gmt":"2019-06-02T21:00:43","guid":{"rendered":"http:\/\/www.jeunessemandoliniste.com\/?page_id=46"},"modified":"2025-10-27T21:24:48","modified_gmt":"2025-10-27T20:24:48","slug":"accueil","status":"publish","type":"page","link":"https:\/\/www.jeunessemandoliniste.com\/","title":{"rendered":"Accueil"},"content":{"rendered":"\n<figure class=\"wp-block-image size-large\"><img loading=\"lazy\" decoding=\"async\" width=\"1024\" height=\"341\" src=\"https:\/\/www.jeunessemandoliniste.com\/wp-content\/uploads\/2025\/10\/La-JEUNESSE-MANDOLINISTE-fete-ses-90-ANS-1024x341.png\" alt=\"\" class=\"wp-image-366\" srcset=\"https:\/\/www.jeunessemandoliniste.com\/wp-content\/uploads\/2025\/10\/La-JEUNESSE-MANDOLINISTE-fete-ses-90-ANS-1024x341.png 1024w, https:\/\/www.jeunessemandoliniste.com\/wp-content\/uploads\/2025\/10\/La-JEUNESSE-MANDOLINISTE-fete-ses-90-ANS-300x100.png 300w, https:\/\/www.jeunessemandoliniste.com\/wp-content\/uploads\/2025\/10\/La-JEUNESSE-MANDOLINISTE-fete-ses-90-ANS-768x256.png 768w, https:\/\/www.jeunessemandoliniste.com\/wp-content\/uploads\/2025\/10\/La-JEUNESSE-MANDOLINISTE-fete-ses-90-ANS-1536x512.png 1536w, https:\/\/www.jeunessemandoliniste.com\/wp-content\/uploads\/2025\/10\/La-JEUNESSE-MANDOLINISTE-fete-ses-90-ANS.png 2016w\" sizes=\"auto, (max-width: 1024px) 100vw, 1024px\" \/><\/figure>\n\n\n\n<p class=\"has-text-align-center\"><br>Afin de c\u00e9l\u00e9brer le <strong><em>90\u00e8me anniversaire<\/em><\/strong> de notre orchestre, nous vous proposons un week-end exceptionnel avec une programmation de 4 concerts !<\/p>\n\n\n\n<p class=\"has-text-align-center\"><a href=\"https:\/\/www.jeunessemandoliniste.com\/?p=346\" data-type=\"link\" data-id=\"https:\/\/www.jeunessemandoliniste.com\/?p=346\"><strong>Concert vendredi 28 novembre 2025 \u00e0 20h00<\/strong><\/a><br><em>DUO LYRA<\/em> \/ Harpe &amp; Mandoline<br>Chapelle de l&rsquo;Eglise Saint-Jacques &#8211; Hagondange-cit\u00e9<\/p>\n\n\n\n<p class=\"has-text-align-center\"><a href=\"https:\/\/www.jeunessemandoliniste.com\/?p=348\"><strong>Concert samedi 29 novembre 2025 \u00e0 20h00<\/strong><\/a><br><em>F\u00e9loche &amp; the Mandolin Orchestra<\/em><br>Salle des f\u00eates Paul Lamm &#8211; Hagondange<\/p>\n\n\n\n<p class=\"has-text-align-center\"><a href=\"https:\/\/www.jeunessemandoliniste.com\/?p=350\"><strong>Concert dimanche 30 novembre 2025 \u00e0 15h00<\/strong><\/a><br>Cuarteto Del Sur<br>Salle des f\u00eates Paul Lamm &#8211; Hagondange<\/p>\n\n\n\n<p class=\"has-text-align-center\"><a href=\"https:\/\/www.jeunessemandoliniste.com\/?p=352\"><strong>Concert dimanche 30 novembre 2025 \u00e0 17h00<\/strong><\/a><br><em>Orchestre des 90 ans<\/em><br>Salle des f\u00eates Paul Lamm &#8211; Hagondange<\/p>\n\n\n\n<p class=\"has-text-align-center\"><\/p>\n","protected":false},"excerpt":{"rendered":"<p>Afin de c\u00e9l\u00e9brer le 90\u00e8me anniversaire de notre orchestre, nous vous proposons un week-end exceptionnel avec une programmation de 4 concerts ! Concert vendredi 28 novembre 2025 \u00e0 20h00DUO LYRA \/ Harpe &amp; MandolineChapelle de l&rsquo;Eglise Saint-Jacques &#8211; Hagondange-cit\u00e9 Concert samedi 29 novembre 2025 \u00e0 20h00F\u00e9loche &amp; the Mandolin OrchestraSalle des f\u00eates Paul Lamm &#8211; [&hellip;]<\/p>\n","protected":false},"author":1,"featured_media":0,"parent":0,"menu_order":0,"comment_status":"closed","ping_status":"closed","template":"","meta":{"footnotes":""},"class_list":["post-46","page","type-page","status-publish","hentry"],"_links":{"self":[{"href":"https:\/\/www.jeunessemandoliniste.com\/index.php?rest_route=\/wp\/v2\/pages\/46","targetHints":{"allow":["GET"]}}],"collection":[{"href":"https:\/\/www.jeunessemandoliniste.com\/index.php?rest_route=\/wp\/v2\/pages"}],"about":[{"href":"https:\/\/www.jeunessemandoliniste.com\/index.php?rest_route=\/wp\/v2\/types\/page"}],"author":[{"embeddable":true,"href":"https:\/\/www.jeunessemandoliniste.com\/index.php?rest_route=\/wp\/v2\/users\/1"}],"replies":[{"embeddable":true,"href":"https:\/\/www.jeunessemandoliniste.com\/index.php?rest_route=%2Fwp%2Fv2%2Fcomments&post=46"}],"version-history":[{"count":28,"href":"https:\/\/www.jeunessemandoliniste.com\/index.php?rest_route=\/wp\/v2\/pages\/46\/revisions"}],"predecessor-version":[{"id":370,"href":"https:\/\/www.jeunessemandoliniste.com\/index.php?rest_route=\/wp\/v2\/pages\/46\/revisions\/370"}],"wp:attachment":[{"href":"https:\/\/www.jeunessemandoliniste.com\/index.php?rest_route=%2Fwp%2Fv2%2Fmedia&parent=46"}],"curies":[{"name":"wp","href":"https:\/\/api.w.org\/{rel}","templated":true}]}}