{"id":51,"date":"2019-06-02T23:08:34","date_gmt":"2019-06-02T21:08:34","guid":{"rendered":"http:\/\/www.jeunessemandoliniste.com\/?page_id=51"},"modified":"2019-06-02T23:08:34","modified_gmt":"2019-06-02T21:08:34","slug":"historique","status":"publish","type":"page","link":"https:\/\/www.jeunessemandoliniste.com\/?page_id=51","title":{"rendered":"Historique"},"content":{"rendered":"\n<p>C&rsquo;est en 1935 que na\u00eet la Jeunesse Mandoliniste d&rsquo;Hagondange. La Soci\u00e9t\u00e9 compte alors une vingtaine de musiciens et est dirig\u00e9e par M. Joseph Dohy.<\/p>\n\n\n\n<p>L&rsquo;Orchestre red\u00e9marre en 1945 et voit ses effectifs augmenter (35 puis 55 musiciens). Les mandolinistes se produisent \u00e0 la radio, participent \u00e0 des concours et \u00e0 des festivals. Un Orchestre de Vari\u00e9t\u00e9s est par ailleurs cr\u00e9\u00e9. Compos\u00e9 de musiciens, de chanteurs et d&rsquo;animateurs, il se produit sur l&rsquo;\u00e9cran de R.T.L. en 1956. En juin 1957, la Jeunesse Mandoliniste organise un Grand Festival International d&rsquo;Orchestres \u00e0 Plectre et accueille des formations venues de l&rsquo;\u00e9tranger.<\/p>\n\n\n\n<p>La Jeunesse Mandoliniste continue ses activit\u00e9s musicales dans les ann\u00e9es soixante et soixante-dix.<\/p>\n\n\n\n<p>En 1985, la Soci\u00e9t\u00e9 hagondangeoise f\u00eate son cinquantenaire et enregistre un disque pour l&rsquo;occasion.<\/p>\n\n\n\n<p>Depuis le d\u00e9but des ann\u00e9es 2000, la Jeunesse Mandoliniste voit ses effectifs augmenter pour atteindre aujourd&rsquo;hui \u00e0 nouveau une trentaine de musiciens.<\/p>\n\n\n\n<p>Apr\u00e8s\u00a0plus de\u00a080 ans d&rsquo;existence, l&rsquo;orchestre explore de nouveaux r\u00e9pertoires, atypiques pour ce genre de formation. Du jazz \u00e0 la &lsquo;grande musique&rsquo;, du baroque aux sixties, la JMH donne r\u00e9guli\u00e8rement des concerts \u00e0 Hagondange et dans les environs.<\/p>\n\n\n\n<p>la JMH donne r\u00e9guli\u00e8rement des concerts \u00e0 Hagondange et dans les environs.<\/p>\n","protected":false},"excerpt":{"rendered":"<p>C&rsquo;est en 1935 que na\u00eet la Jeunesse Mandoliniste d&rsquo;Hagondange. La Soci\u00e9t\u00e9 compte alors une vingtaine de musiciens et est dirig\u00e9e par M. Joseph Dohy. L&rsquo;Orchestre red\u00e9marre en 1945 et voit ses effectifs augmenter (35 puis 55 musiciens). Les mandolinistes se produisent \u00e0 la radio, participent \u00e0 des concours et \u00e0 des festivals. Un Orchestre de [&hellip;]<\/p>\n","protected":false},"author":1,"featured_media":0,"parent":0,"menu_order":0,"comment_status":"closed","ping_status":"closed","template":"","meta":{"footnotes":""},"class_list":["post-51","page","type-page","status-publish","hentry"],"_links":{"self":[{"href":"https:\/\/www.jeunessemandoliniste.com\/index.php?rest_route=\/wp\/v2\/pages\/51","targetHints":{"allow":["GET"]}}],"collection":[{"href":"https:\/\/www.jeunessemandoliniste.com\/index.php?rest_route=\/wp\/v2\/pages"}],"about":[{"href":"https:\/\/www.jeunessemandoliniste.com\/index.php?rest_route=\/wp\/v2\/types\/page"}],"author":[{"embeddable":true,"href":"https:\/\/www.jeunessemandoliniste.com\/index.php?rest_route=\/wp\/v2\/users\/1"}],"replies":[{"embeddable":true,"href":"https:\/\/www.jeunessemandoliniste.com\/index.php?rest_route=%2Fwp%2Fv2%2Fcomments&post=51"}],"version-history":[{"count":1,"href":"https:\/\/www.jeunessemandoliniste.com\/index.php?rest_route=\/wp\/v2\/pages\/51\/revisions"}],"predecessor-version":[{"id":52,"href":"https:\/\/www.jeunessemandoliniste.com\/index.php?rest_route=\/wp\/v2\/pages\/51\/revisions\/52"}],"wp:attachment":[{"href":"https:\/\/www.jeunessemandoliniste.com\/index.php?rest_route=%2Fwp%2Fv2%2Fmedia&parent=51"}],"curies":[{"name":"wp","href":"https:\/\/api.w.org\/{rel}","templated":true}]}}