{"id":75,"date":"2019-06-02T23:41:45","date_gmt":"2019-06-02T21:41:45","guid":{"rendered":"http:\/\/www.jeunessemandoliniste.com\/?page_id=75"},"modified":"2019-06-03T19:32:04","modified_gmt":"2019-06-03T17:32:04","slug":"cd-mandolines-et-guitares","status":"publish","type":"page","link":"https:\/\/www.jeunessemandoliniste.com\/?page_id=75","title":{"rendered":"CD \u00ab\u00a0Mandolines et Guitares\u00a0\u00bb"},"content":{"rendered":"\n<p>Enregistr\u00e9 en partenariat avec le <strong>Cercle Mandoliniste Messin<\/strong>, le CD \u00ab\u00a0Mandolines et Guitares\u00a0\u00bb vous propose de d\u00e9couvrir les diff\u00e9rents styles de musiques compos\u00e9es pour la mandoline et plus particuli\u00e8rement pour les orchestres \u00e0 plectres.<\/p>\n\n\n\n<div class=\"wp-block-image\"><figure class=\"aligncenter\"><img loading=\"lazy\" decoding=\"async\" width=\"280\" height=\"266\" src=\"https:\/\/www.jeunessemandoliniste.com\/wp-content\/uploads\/2019\/06\/CdJMH_Metz.jpg\" alt=\"\" class=\"wp-image-117\"\/><\/figure><\/div>\n\n\n\n<h3 class=\"wp-block-heading\">Les Titres :<\/h3>\n\n\n\n<ul class=\"wp-block-list\"><li>Andante religioso de J.B. Kok.<\/li><li>Araba de S. Behrend &#8211; Solo : M\u00e9lodie orientale.<\/li><li>Bal d&rsquo;enfants &#8211; Introduction, Danse et Final &#8211; de U. Pizzi.<\/li><li>Dolor\u00e8s &#8211; Tango S\u00e9r\u00e9nade &#8211; de K. M\u00fcller, tango-s\u00e9r\u00e9nade.<\/li><li>Marche de f\u00eate de H. Ambrosius.<\/li><li>Rhapsodie tzigane de M. Maciocchi.<\/li><li>Suite en R\u00e9 majeur &#8211; Allegro ma non troppo, Sarabande (Andante) &#8211; de G.P. Telemann.<\/li><li>Tarentella de A. Sarcoli.<\/li><li>Valse fleurie du Dr. Tissot.<\/li><li>Deux Chants espagnols pour Orchestre \u00e0 Plectre et fl\u00fbte \u00e0 bec de R. Ganz.<\/li><li>Balala\u00efka souvenir &#8211; Fantaisie russe &#8211; de J.B. Kok.<\/li><li>Viva el torero &#8211; Paso doble &#8211; de F. Menichetti.<\/li><\/ul>\n\n\n\n<p><strong>Ce CD, victime de son succ\u00e8s est malheureusement \u00e9puis\u00e9 !<\/strong><\/p>\n","protected":false},"excerpt":{"rendered":"<p>Enregistr\u00e9 en partenariat avec le Cercle Mandoliniste Messin, le CD \u00ab\u00a0Mandolines et Guitares\u00a0\u00bb vous propose de d\u00e9couvrir les diff\u00e9rents styles de musiques compos\u00e9es pour la mandoline et plus particuli\u00e8rement pour les orchestres \u00e0 plectres. Les Titres : Andante religioso de J.B. Kok. Araba de S. Behrend &#8211; Solo : M\u00e9lodie orientale. Bal d&rsquo;enfants &#8211; Introduction, [&hellip;]<\/p>\n","protected":false},"author":1,"featured_media":0,"parent":0,"menu_order":0,"comment_status":"closed","ping_status":"closed","template":"","meta":{"footnotes":""},"class_list":["post-75","page","type-page","status-publish","hentry"],"_links":{"self":[{"href":"https:\/\/www.jeunessemandoliniste.com\/index.php?rest_route=\/wp\/v2\/pages\/75","targetHints":{"allow":["GET"]}}],"collection":[{"href":"https:\/\/www.jeunessemandoliniste.com\/index.php?rest_route=\/wp\/v2\/pages"}],"about":[{"href":"https:\/\/www.jeunessemandoliniste.com\/index.php?rest_route=\/wp\/v2\/types\/page"}],"author":[{"embeddable":true,"href":"https:\/\/www.jeunessemandoliniste.com\/index.php?rest_route=\/wp\/v2\/users\/1"}],"replies":[{"embeddable":true,"href":"https:\/\/www.jeunessemandoliniste.com\/index.php?rest_route=%2Fwp%2Fv2%2Fcomments&post=75"}],"version-history":[{"count":3,"href":"https:\/\/www.jeunessemandoliniste.com\/index.php?rest_route=\/wp\/v2\/pages\/75\/revisions"}],"predecessor-version":[{"id":118,"href":"https:\/\/www.jeunessemandoliniste.com\/index.php?rest_route=\/wp\/v2\/pages\/75\/revisions\/118"}],"wp:attachment":[{"href":"https:\/\/www.jeunessemandoliniste.com\/index.php?rest_route=%2Fwp%2Fv2%2Fmedia&parent=75"}],"curies":[{"name":"wp","href":"https:\/\/api.w.org\/{rel}","templated":true}]}}