{"id":80,"date":"2019-06-02T23:47:28","date_gmt":"2019-06-02T21:47:28","guid":{"rendered":"http:\/\/www.jeunessemandoliniste.com\/?page_id=80"},"modified":"2019-06-03T19:32:38","modified_gmt":"2019-06-03T17:32:38","slug":"cd-musiques-damerique-du-sud-et-musiques-de-film","status":"publish","type":"page","link":"https:\/\/www.jeunessemandoliniste.com\/?page_id=80","title":{"rendered":"CD \u00ab\u00a0Musiques d&rsquo;Am\u00e9rique du Sud\u00a0\u00bb et \u00ab\u00a0Musiques de film\u00a0\u00bb"},"content":{"rendered":"\n<p>Ce CD t\u00e9moigne de la volont\u00e9 des arrangeurs actuels de doter nos ensembles \u00e0 plectre d&rsquo;un r\u00e9pertoire vari\u00e9. Parmi eux, nous citerons notre ami, le concertiste de renomm\u00e9e internationale Ricardo Sandoval dont la virtuosit\u00e9 et la musicalit\u00e9 repoussent loin les limites de l&rsquo;instrument. Les pi\u00e8ces enregistr\u00e9es ici t\u00e9moignent de nos deux programmes abord\u00e9s lors de la saison 2006\/2007.<\/p>\n\n\n\n<div class=\"wp-block-image\"><figure class=\"aligncenter\"><img loading=\"lazy\" decoding=\"async\" width=\"309\" height=\"266\" src=\"https:\/\/www.jeunessemandoliniste.com\/wp-content\/uploads\/2019\/06\/CDJMH_Film.jpg\" alt=\"\" class=\"wp-image-119\" srcset=\"https:\/\/www.jeunessemandoliniste.com\/wp-content\/uploads\/2019\/06\/CDJMH_Film.jpg 309w, https:\/\/www.jeunessemandoliniste.com\/wp-content\/uploads\/2019\/06\/CDJMH_Film-300x258.jpg 300w\" sizes=\"auto, (max-width: 309px) 100vw, 309px\" \/><\/figure><\/div>\n\n\n\n<h3 class=\"wp-block-heading\">Les Titres : <\/h3>\n\n\n\n<ul class=\"wp-block-list\"><li>\u00ab\u00a0Rico Vacilon\u00a0\u00bb, cha cha cha cubain (Rozendo Ruiz Quevedo)<\/li><li>\u00ab\u00a0Contradanza\u00a0\u00bb, musique V\u00e9n\u00e9zu\u00e9lienne du XIX\u00e8me si\u00e8cle<\/li><li>\u00ab\u00a0Volver\u00a0\u00bb, tango Argentin (GARDEL &#8211; LEPERA)<\/li><li>\u00ab\u00a0Piel Canela\u00a0\u00bb (Bobby CAPO)<\/li><li>\u00ab\u00a0El Mochilon\u00a0\u00bb, Porro Colombien (Efrain OROZCO ARAUJO)<\/li><li>\u00ab\u00a0Apoteosis\u00a0\u00bb, pasodoble V\u00e9n\u00e9zu\u00e9lien (Juan Pablo CEBALLOS)<\/li><li>\u00ab\u00a0Trois danses Sud Am\u00e9ricaines\u00a0\u00bb (Karl Heinz KEINEMANN)<\/li><li>\u00ab\u00a0Piensa en mi\u00a0\u00bb (Augustin LARA)<\/li><li>\u00ab\u00a0Cavatina\u00a0\u00bb (Stanley MYERS)<\/li><li>\u00ab\u00a0The Entertainer\u00a0\u00bb (Scott JOPLIN)<\/li><li>\u00ab\u00a0La chanson de Lara\u00a0\u00bb (Maurice JARRE)<\/li><li>\u00ab\u00a0The Godfather\u00a0\u00bb (Nino ROTA)<\/li><li>Th\u00e8me de \u00ab\u00a0Jean de Florette\u00a0\u00bb (G. VERDI)<\/li><li>\u00ab\u00a0The pink Panthere\u00a0\u00bb (Henri MANCINI)<\/li><li>\u00ab\u00a0Une Histoire d&rsquo;Amour\u00a0\u00bb (Francis LAI)<\/li><li>\u00ab\u00a0Huit et demi\u00a0\u00bb (Nino Rota)<\/li><\/ul>\n","protected":false},"excerpt":{"rendered":"<p>Ce CD t\u00e9moigne de la volont\u00e9 des arrangeurs actuels de doter nos ensembles \u00e0 plectre d&rsquo;un r\u00e9pertoire vari\u00e9. Parmi eux, nous citerons notre ami, le concertiste de renomm\u00e9e internationale Ricardo Sandoval dont la virtuosit\u00e9 et la musicalit\u00e9 repoussent loin les limites de l&rsquo;instrument. Les pi\u00e8ces enregistr\u00e9es ici t\u00e9moignent de nos deux programmes abord\u00e9s lors de [&hellip;]<\/p>\n","protected":false},"author":1,"featured_media":0,"parent":0,"menu_order":0,"comment_status":"closed","ping_status":"closed","template":"","meta":{"footnotes":""},"class_list":["post-80","page","type-page","status-publish","hentry"],"_links":{"self":[{"href":"https:\/\/www.jeunessemandoliniste.com\/index.php?rest_route=\/wp\/v2\/pages\/80","targetHints":{"allow":["GET"]}}],"collection":[{"href":"https:\/\/www.jeunessemandoliniste.com\/index.php?rest_route=\/wp\/v2\/pages"}],"about":[{"href":"https:\/\/www.jeunessemandoliniste.com\/index.php?rest_route=\/wp\/v2\/types\/page"}],"author":[{"embeddable":true,"href":"https:\/\/www.jeunessemandoliniste.com\/index.php?rest_route=\/wp\/v2\/users\/1"}],"replies":[{"embeddable":true,"href":"https:\/\/www.jeunessemandoliniste.com\/index.php?rest_route=%2Fwp%2Fv2%2Fcomments&post=80"}],"version-history":[{"count":3,"href":"https:\/\/www.jeunessemandoliniste.com\/index.php?rest_route=\/wp\/v2\/pages\/80\/revisions"}],"predecessor-version":[{"id":120,"href":"https:\/\/www.jeunessemandoliniste.com\/index.php?rest_route=\/wp\/v2\/pages\/80\/revisions\/120"}],"wp:attachment":[{"href":"https:\/\/www.jeunessemandoliniste.com\/index.php?rest_route=%2Fwp%2Fv2%2Fmedia&parent=80"}],"curies":[{"name":"wp","href":"https:\/\/api.w.org\/{rel}","templated":true}]}}